{"id":231340,"date":"2024-04-18T11:59:00","date_gmt":"2024-04-18T09:59:00","guid":{"rendered":"https:\/\/boutique.sinetyc.fr\/?post_type=product&#038;p=231340"},"modified":"2026-02-23T14:13:08","modified_gmt":"2026-02-23T13:13:08","slug":"nood","status":"publish","type":"product","link":"https:\/\/boutique.sinetyc.fr\/index.php\/produit\/nood\/","title":{"rendered":"Frite pour piscine"},"content":{"rendered":"<p>\u00c0 la mer, \u00e0 la piscine ou dans un lac, les capacit\u00e9s de nos NOOD s\u2019imposent partout. Gr\u00e2ce \u00e0 leur flexibilit\u00e9, leur souplesse et leur solidit\u00e9, ces derni\u00e8res se pr\u00eatent particuli\u00e8rement bien \u00e0 l\u2019aquagym et \u00e0 l\u2019apprentissage de la natation.<\/p>\n<p>La NOOD est un accessoire de sport polyvalent et fonctionnel \u00e0 la port\u00e9e de chacun. Hormis d\u2019\u00eatre un outil de r\u00e9\u00e9ducation et de pr\u00e9vention des maladies et des blessures, il sert \u00e9galement d\u2019instrument d\u2019entra\u00eenement en cas de d\u00e9ficience ou de handicap physique.<\/p>\n<ul>\n<li>Gamme color\u00e9e<\/li>\n<li>Offre une grande flottabilit\u00e9<\/li>\n<li>Contr\u00f4l\u00e9 par le T\u00dcV selon la norme EN 13138-2: Aides \u00e0 la flottabilit\u00e9<\/li>\n<\/ul>\n<p><em><strong>Attention : ce produit est disponible uniquement en retrait en magasin. Aucune livraison n\u2019est propos\u00e9e pour cet article.<\/strong><\/em><\/p>\n","protected":false},"excerpt":{"rendered":"<p>\u00c0 la mer, \u00e0 la piscine ou dans un lac, les capacit\u00e9s de nos NOOD s\u2019imposent partout. Gr\u00e2ce \u00e0 leur flexibilit\u00e9, leur souplesse et leur solidit\u00e9, ces derni\u00e8res se pr\u00eatent particuli\u00e8rement bien \u00e0 l\u2019aquagym et \u00e0 l\u2019apprentissage de la natation.<\/p>\n<p><em><strong>Attention : ce produit est disponible uniquement en retrait en magasin. Aucune livraison n\u2019est propos\u00e9e pour cet article.<\/strong><\/em><\/p>\n","protected":false},"featured_media":231238,"template":"","meta":{"_et_pb_use_builder":"","_et_pb_old_content":"","_et_gb_content_width":""},"product_brand":[],"product_cat":[40],"product_tag":[],"class_list":{"0":"post-231340","1":"product","2":"type-product","3":"status-publish","4":"has-post-thumbnail","6":"product_cat-sinefun","7":"product_shipping_class-colis-hors-formats","9":"first","10":"instock","11":"taxable","12":"shipping-taxable","13":"purchasable","14":"product-type-variable"},"jetpack_sharing_enabled":true,"_links":{"self":[{"href":"https:\/\/boutique.sinetyc.fr\/index.php\/wp-json\/wp\/v2\/product\/231340","targetHints":{"allow":["GET"]}}],"collection":[{"href":"https:\/\/boutique.sinetyc.fr\/index.php\/wp-json\/wp\/v2\/product"}],"about":[{"href":"https:\/\/boutique.sinetyc.fr\/index.php\/wp-json\/wp\/v2\/types\/product"}],"wp:featuredmedia":[{"embeddable":true,"href":"https:\/\/boutique.sinetyc.fr\/index.php\/wp-json\/wp\/v2\/media\/231238"}],"wp:attachment":[{"href":"https:\/\/boutique.sinetyc.fr\/index.php\/wp-json\/wp\/v2\/media?parent=231340"}],"wp:term":[{"taxonomy":"product_brand","embeddable":true,"href":"https:\/\/boutique.sinetyc.fr\/index.php\/wp-json\/wp\/v2\/product_brand?post=231340"},{"taxonomy":"product_cat","embeddable":true,"href":"https:\/\/boutique.sinetyc.fr\/index.php\/wp-json\/wp\/v2\/product_cat?post=231340"},{"taxonomy":"product_tag","embeddable":true,"href":"https:\/\/boutique.sinetyc.fr\/index.php\/wp-json\/wp\/v2\/product_tag?post=231340"}],"curies":[{"name":"wp","href":"https:\/\/api.w.org\/{rel}","templated":true}]}}