{"id":231352,"date":"2024-04-18T13:40:44","date_gmt":"2024-04-18T11:40:44","guid":{"rendered":"https:\/\/boutique.sinetyc.fr\/?post_type=product&#038;p=231352"},"modified":"2026-04-16T15:46:13","modified_gmt":"2026-04-16T13:46:13","slug":"coon-sleeve","status":"publish","type":"product","link":"https:\/\/boutique.sinetyc.fr\/index.php\/produit\/coon-sleeve\/","title":{"rendered":"Connecteur"},"content":{"rendered":"<p>Notre raccord CONN SLEEVE constitue un \u00e9l\u00e9ment modulaire aux pr\u00e9cieuses vertus p\u00e9dagogiques puisqu\u2019il permet de r\u00e9aliser des agencements ludiques, divertissants et personnalis\u00e9s. Il n\u2019y a aucune limite \u00e0 l\u2019imagination des enfants.<\/p>\n<ul>\n<li>S&rsquo;adapte parfaitement \u00e0 nos NOOD<\/li>\n<li>Contr\u00f4l\u00e9 par le SGS selon la norme EN 71: S\u00e9curit\u00e9 des jouets<\/li>\n<\/ul>\n","protected":false},"excerpt":{"rendered":"<p>Notre raccord CONN SLEEVE constitue un \u00e9l\u00e9ment modulaire aux pr\u00e9cieuses vertus p\u00e9dagogiques puisqu\u2019il permet de r\u00e9aliser des agencements ludiques, divertissants et personnalis\u00e9s. Il n\u2019y a aucune limite \u00e0 l\u2019imagination des enfants.<\/p>\n","protected":false},"featured_media":231240,"template":"","meta":{"_et_pb_use_builder":"","_et_pb_old_content":"","_et_gb_content_width":""},"product_brand":[],"product_cat":[40],"product_tag":[],"class_list":{"0":"post-231352","1":"product","2":"type-product","3":"status-publish","4":"has-post-thumbnail","6":"product_cat-sinefun","8":"first","9":"outofstock","10":"taxable","11":"shipping-taxable","12":"purchasable","13":"product-type-simple"},"jetpack_sharing_enabled":true,"_links":{"self":[{"href":"https:\/\/boutique.sinetyc.fr\/index.php\/wp-json\/wp\/v2\/product\/231352","targetHints":{"allow":["GET"]}}],"collection":[{"href":"https:\/\/boutique.sinetyc.fr\/index.php\/wp-json\/wp\/v2\/product"}],"about":[{"href":"https:\/\/boutique.sinetyc.fr\/index.php\/wp-json\/wp\/v2\/types\/product"}],"wp:featuredmedia":[{"embeddable":true,"href":"https:\/\/boutique.sinetyc.fr\/index.php\/wp-json\/wp\/v2\/media\/231240"}],"wp:attachment":[{"href":"https:\/\/boutique.sinetyc.fr\/index.php\/wp-json\/wp\/v2\/media?parent=231352"}],"wp:term":[{"taxonomy":"product_brand","embeddable":true,"href":"https:\/\/boutique.sinetyc.fr\/index.php\/wp-json\/wp\/v2\/product_brand?post=231352"},{"taxonomy":"product_cat","embeddable":true,"href":"https:\/\/boutique.sinetyc.fr\/index.php\/wp-json\/wp\/v2\/product_cat?post=231352"},{"taxonomy":"product_tag","embeddable":true,"href":"https:\/\/boutique.sinetyc.fr\/index.php\/wp-json\/wp\/v2\/product_tag?post=231352"}],"curies":[{"name":"wp","href":"https:\/\/api.w.org\/{rel}","templated":true}]}}