{"id":231367,"date":"2024-04-18T15:52:39","date_gmt":"2024-04-18T13:52:39","guid":{"rendered":"https:\/\/boutique.sinetyc.fr\/?post_type=product&#038;p=231367"},"modified":"2026-04-16T15:45:26","modified_gmt":"2026-04-16T13:45:26","slug":"board-kick","status":"publish","type":"product","link":"https:\/\/boutique.sinetyc.fr\/index.php\/produit\/board-kick\/","title":{"rendered":"Planche de natation"},"content":{"rendered":"<p>Nos BOARD KICK servent \u00e0 apprendre \u00e0 pagayer, \u00e0 barboter et \u00e0 nager. Le facteur r\u00e9cr\u00e9atif n\u2019est pas le seul \u00e9l\u00e9ment qui compte. Le renforcement des jambes et, finalement, l\u2019am\u00e9lioration des techniques de nage ont aussi toute leur importance.<\/p>\n<ul>\n<li>L\u2019original aux couleurs arc-en-ciel brevet\u00e9es<\/li>\n<li>Contr\u00f4l\u00e9 par le T\u00dcV selon la norme EN 13138-2: Aides \u00e0 la flottabilit\u00e9<\/li>\n<\/ul>\n","protected":false},"excerpt":{"rendered":"<p>Nos BOARD KICK servent \u00e0 apprendre \u00e0 pagayer, \u00e0 barboter et \u00e0 nager. Le facteur r\u00e9cr\u00e9atif n\u2019est pas le seul \u00e9l\u00e9ment qui compte. Le renforcement des jambes et, finalement, l\u2019am\u00e9lioration des techniques de nage ont aussi toute leur importance.<\/p>\n","protected":false},"featured_media":231237,"template":"","meta":{"_et_pb_use_builder":"","_et_pb_old_content":"","_et_gb_content_width":""},"product_brand":[],"product_cat":[40],"product_tag":[],"class_list":{"0":"post-231367","1":"product","2":"type-product","3":"status-publish","4":"has-post-thumbnail","6":"product_cat-sinefun","8":"first","9":"instock","10":"taxable","11":"shipping-taxable","12":"purchasable","13":"product-type-simple"},"jetpack_sharing_enabled":true,"_links":{"self":[{"href":"https:\/\/boutique.sinetyc.fr\/index.php\/wp-json\/wp\/v2\/product\/231367","targetHints":{"allow":["GET"]}}],"collection":[{"href":"https:\/\/boutique.sinetyc.fr\/index.php\/wp-json\/wp\/v2\/product"}],"about":[{"href":"https:\/\/boutique.sinetyc.fr\/index.php\/wp-json\/wp\/v2\/types\/product"}],"wp:featuredmedia":[{"embeddable":true,"href":"https:\/\/boutique.sinetyc.fr\/index.php\/wp-json\/wp\/v2\/media\/231237"}],"wp:attachment":[{"href":"https:\/\/boutique.sinetyc.fr\/index.php\/wp-json\/wp\/v2\/media?parent=231367"}],"wp:term":[{"taxonomy":"product_brand","embeddable":true,"href":"https:\/\/boutique.sinetyc.fr\/index.php\/wp-json\/wp\/v2\/product_brand?post=231367"},{"taxonomy":"product_cat","embeddable":true,"href":"https:\/\/boutique.sinetyc.fr\/index.php\/wp-json\/wp\/v2\/product_cat?post=231367"},{"taxonomy":"product_tag","embeddable":true,"href":"https:\/\/boutique.sinetyc.fr\/index.php\/wp-json\/wp\/v2\/product_tag?post=231367"}],"curies":[{"name":"wp","href":"https:\/\/api.w.org\/{rel}","templated":true}]}}