{"id":27,"date":"2022-05-02T09:31:09","date_gmt":"2022-05-02T07:31:09","guid":{"rendered":"https:\/\/boutique.sinetyc.fr\/index.php\/produit\/chronis-io-pure\/"},"modified":"2024-04-15T14:55:50","modified_gmt":"2024-04-15T12:55:50","slug":"chronis-io-pure","status":"publish","type":"product","link":"https:\/\/boutique.sinetyc.fr\/index.php\/produit\/chronis-io-pure\/","title":{"rendered":"Chronis IO Pure"},"content":{"rendered":"<p>[et_pb_section fb_built=\u00a0\u00bb1&Prime; admin_label=\u00a0\u00bbProduit\u00a0\u00bb _builder_version=\u00a0\u00bb4.16&Prime; custom_padding=\u00a0\u00bb0px||||false|false\u00a0\u00bb global_colors_info=\u00a0\u00bb{}\u00a0\u00bb][et_pb_row _builder_version=\u00a0\u00bb4.16&Prime; background_size=\u00a0\u00bbinitial\u00a0\u00bb background_position=\u00a0\u00bbtop_left\u00a0\u00bb background_repeat=\u00a0\u00bbrepeat\u00a0\u00bb width=\u00a0\u00bb100%\u00a0\u00bb custom_padding=\u00a0\u00bb0px||0px||false|false\u00a0\u00bb global_colors_info=\u00a0\u00bb{}\u00a0\u00bb][et_pb_column type=\u00a0\u00bb4_4&Prime; _builder_version=\u00a0\u00bb4.16&Prime; custom_padding=\u00a0\u00bb|||\u00a0\u00bb global_colors_info=\u00a0\u00bb{}\u00a0\u00bb custom_padding__hover=\u00a0\u00bb|||\u00a0\u00bb][et_pb_wc_breadcrumb _builder_version=\u00a0\u00bb4.16&Prime; global_colors_info=\u00a0\u00bb{}\u00a0\u00bb][\/et_pb_wc_breadcrumb][et_pb_wc_cart_notice _builder_version=\u00a0\u00bb4.17.4&Prime; background_color=\u00a0\u00bb#D6030A\u00a0\u00bb custom_button=\u00a0\u00bbon\u00a0\u00bb button_text_color=\u00a0\u00bb#D6030A\u00a0\u00bb global_colors_info=\u00a0\u00bb{}\u00a0\u00bb][\/et_pb_wc_cart_notice][\/et_pb_column][\/et_pb_row][et_pb_row column_structure=\u00a0\u00bb1_2,1_2&Prime; _builder_version=\u00a0\u00bb4.16&Prime; background_size=\u00a0\u00bbinitial\u00a0\u00bb background_position=\u00a0\u00bbtop_left\u00a0\u00bb background_repeat=\u00a0\u00bbrepeat\u00a0\u00bb width=\u00a0\u00bb100%\u00a0\u00bb custom_padding=\u00a0\u00bb0px||||false|false\u00a0\u00bb global_colors_info=\u00a0\u00bb{}\u00a0\u00bb][et_pb_column type=\u00a0\u00bb1_2&Prime; _builder_version=\u00a0\u00bb4.16&Prime; custom_padding=\u00a0\u00bb|||\u00a0\u00bb global_colors_info=\u00a0\u00bb{}\u00a0\u00bb custom_padding__hover=\u00a0\u00bb|||\u00a0\u00bb][et_pb_wc_images _builder_version=\u00a0\u00bb4.16&Prime; global_colors_info=\u00a0\u00bb{}\u00a0\u00bb][\/et_pb_wc_images][\/et_pb_column][et_pb_column type=\u00a0\u00bb1_2&Prime; _builder_version=\u00a0\u00bb4.16&Prime; custom_padding=\u00a0\u00bb|||\u00a0\u00bb global_colors_info=\u00a0\u00bb{}\u00a0\u00bb custom_padding__hover=\u00a0\u00bb|||\u00a0\u00bb][et_pb_wc_title _builder_version=\u00a0\u00bb4.16&Prime; global_colors_info=\u00a0\u00bb{}\u00a0\u00bb][\/et_pb_wc_title][et_pb_wc_rating _builder_version=\u00a0\u00bb4.17.4&Prime; rating_text_color=\u00a0\u00bb#D6030A\u00a0\u00bb body_text_color=\u00a0\u00bb#D6030A\u00a0\u00bb global_colors_info=\u00a0\u00bb{}\u00a0\u00bb][\/et_pb_wc_rating][et_pb_wc_price _builder_version=\u00a0\u00bb4.17.4&Prime; body_text_color=\u00a0\u00bb#D6030A\u00a0\u00bb global_colors_info=\u00a0\u00bb{}\u00a0\u00bb][\/et_pb_wc_price][et_pb_wc_description _builder_version=\u00a0\u00bb4.16&Prime; global_colors_info=\u00a0\u00bb{}\u00a0\u00bb][\/et_pb_wc_description][et_pb_wc_add_to_cart _builder_version=\u00a0\u00bb4.17.4&Prime; custom_button=\u00a0\u00bbon\u00a0\u00bb button_text_color=\u00a0\u00bb#D6030A\u00a0\u00bb global_colors_info=\u00a0\u00bb{}\u00a0\u00bb][\/et_pb_wc_add_to_cart][et_pb_wc_meta _builder_version=\u00a0\u00bb4.17.4&Prime; body_text_color=\u00a0\u00bb#D6030A\u00a0\u00bb global_colors_info=\u00a0\u00bb{}\u00a0\u00bb][\/et_pb_wc_meta][\/et_pb_column][\/et_pb_row][et_pb_row _builder_version=\u00a0\u00bb4.16&Prime; background_size=\u00a0\u00bbinitial\u00a0\u00bb background_position=\u00a0\u00bbtop_left\u00a0\u00bb background_repeat=\u00a0\u00bbrepeat\u00a0\u00bb width=\u00a0\u00bb100%\u00a0\u00bb global_colors_info=\u00a0\u00bb{}\u00a0\u00bb][et_pb_column type=\u00a0\u00bb4_4&Prime; _builder_version=\u00a0\u00bb4.16&Prime; custom_padding=\u00a0\u00bb|||\u00a0\u00bb global_colors_info=\u00a0\u00bb{}\u00a0\u00bb custom_padding__hover=\u00a0\u00bb|||\u00a0\u00bb][et_pb_wc_tabs _builder_version=\u00a0\u00bb4.16&Prime; global_colors_info=\u00a0\u00bb{}\u00a0\u00bb]\t\t\t\t\t[\/et_pb_wc_tabs][et_pb_wc_upsells _builder_version=\u00a0\u00bb4.16&Prime; global_colors_info=\u00a0\u00bb{}\u00a0\u00bb][\/et_pb_wc_upsells][et_pb_wc_related_products _builder_version=\u00a0\u00bb4.16&Prime; global_colors_info=\u00a0\u00bb{}\u00a0\u00bb][\/et_pb_wc_related_products][\/et_pb_column][\/et_pb_row][\/et_pb_section]<\/p>\n","protected":false},"excerpt":{"rendered":"<p>T\u00e9l\u00e9commande CHRONIS IO finition \u00ab pure \u00bb.<\/p>\n<p>Pour animer l&rsquo;ensemble des applications (volets, porte, fen\u00eatres de toit, chauffage, ) o\u00f9 que l&rsquo;on soit dans la maison. Avec \u00e9cran, interface convivial et retour d&rsquo;information pour des fonctionnalit\u00e9s avanc\u00e9es. Chaque sc\u00e9nario pilote le mouvement simultan\u00e9 de diff\u00e9rents produits sans contrainte de localisation. Capacit\u00e9 d&rsquo;enregistrement : 4 semaines diff\u00e9rentes ou 4 situations\/jour. Palette de navigation \u00e9cran. Fonction aide, information, validation. Fonction auto\/manu. Retour d&rsquo;information avec localisation ais\u00e9e d&rsquo;un d\u00e9faut \u00e9ventuel de fonctionnement. Changement d&rsquo;heure \u00e9t\u00e9\/hiver automatiquement.<\/p>\n<p>Support de t\u00e9l\u00e9commande \u00e0 fixer par 2 vis. 3 piles alcalines 1.5V type AAA. Pile et notice fournies<\/p>\n<p><em>Attention le mod\u00e8le IO n&rsquo;est pas compatible avec le mod\u00e8le RTS.<\/em><\/p>\n","protected":false},"featured_media":148,"template":"","meta":{"_et_pb_use_builder":"on","_et_pb_old_content":"[et_pb_section fb_built=\"1\" _builder_version=\"4.15.1\" custom_padding=\"130px||130px||true|false\" global_colors_info=\"{}\" theme_builder_area=\"post_content\"][et_pb_row _builder_version=\"4.15.1\" background_size=\"initial\" background_position=\"top_left\" background_repeat=\"repeat\" width=\"100%\" custom_padding=\"0px||0px||false|false\" global_colors_info=\"{}\" theme_builder_area=\"post_content\"][et_pb_column type=\"4_4\" _builder_version=\"4.15\" custom_padding=\"|||\" global_colors_info=\"{}\" custom_padding__hover=\"|||\" theme_builder_area=\"post_content\"][et_pb_wc_breadcrumb _builder_version=\"4.15.1\" body_font=\"Montserrat||||||||\" global_colors_info=\"{}\" theme_builder_area=\"post_content\"][\/et_pb_wc_breadcrumb][et_pb_wc_cart_notice _builder_version=\"4.15.1\" title_font=\"Montserrat||||||||\" global_colors_info=\"{}\" theme_builder_area=\"post_content\"][\/et_pb_wc_cart_notice][\/et_pb_column][\/et_pb_row][et_pb_row column_structure=\"1_2,1_2\" _builder_version=\"4.15\" background_size=\"initial\" background_position=\"top_left\" background_repeat=\"repeat\" width=\"100%\" custom_padding=\"0px||||false|false\" global_colors_info=\"{}\" theme_builder_area=\"post_content\"][et_pb_column type=\"1_2\" _builder_version=\"4.15\" custom_padding=\"|||\" global_colors_info=\"{}\" custom_padding__hover=\"|||\" theme_builder_area=\"post_content\"][et_pb_wc_images _builder_version=\"4.15\" global_colors_info=\"{}\" theme_builder_area=\"post_content\"][\/et_pb_wc_images][\/et_pb_column][et_pb_column type=\"1_2\" _builder_version=\"4.15\" custom_padding=\"|||\" global_colors_info=\"{}\" custom_padding__hover=\"|||\" theme_builder_area=\"post_content\"][et_pb_wc_title _builder_version=\"4.15\" global_colors_info=\"{}\" theme_builder_area=\"post_content\"][\/et_pb_wc_title][et_pb_wc_rating layout=\"stacked\" _builder_version=\"4.15\" rating_letter_spacing=\"4px\" body_font=\"Montserrat||||||||\" global_colors_info=\"{}\" theme_builder_area=\"post_content\"][\/et_pb_wc_rating][et_pb_wc_price _builder_version=\"4.15\" body_font=\"Montserrat|600|||||||\" before_sale_price_font=\"Montserrat||||||||\" sale_price_font=\"Montserrat|700|||||||\" global_colors_info=\"{}\" theme_builder_area=\"post_content\"][\/et_pb_wc_price][et_pb_wc_description _builder_version=\"4.15\" body_font=\"Montserrat||||||||\" global_colors_info=\"{}\" theme_builder_area=\"post_content\"][\/et_pb_wc_description][et_pb_wc_add_to_cart _builder_version=\"4.15\" fields_background_color=\"#FFFFFF\" fields_text_color=\"#000000\" fields_focus_background_color=\"#DBDAD8\" fields_focus_text_color=\"#000000\" fields_font=\"Montserrat|600|||||||\" custom_button=\"on\" button_text_color=\"#000000\" button_bg_color=\"#DBDAD8\" button_border_width=\"0px\" button_border_radius=\"7px\" button_font=\"Montserrat||||||||\" border_radii_fields=\"on|8px|8px|8px|8px\" global_colors_info=\"{}\" button_text_color__hover=\"#FFFFFF\" button_text_color__hover_enabled=\"on|hover\" button_bg_color__hover=\"#D6030A\" button_bg_color__hover_enabled=\"on|hover\" theme_builder_area=\"post_content\"][\/et_pb_wc_add_to_cart][et_pb_wc_meta _builder_version=\"4.15\" body_font=\"Montserrat||||||||\" global_colors_info=\"{}\" theme_builder_area=\"post_content\"][\/et_pb_wc_meta][\/et_pb_column][\/et_pb_row][et_pb_row _builder_version=\"4.15\" background_size=\"initial\" background_position=\"top_left\" background_repeat=\"repeat\" width=\"100%\" global_colors_info=\"{}\" theme_builder_area=\"post_content\"][et_pb_column type=\"4_4\" _builder_version=\"4.15\" custom_padding=\"|||\" global_colors_info=\"{}\" custom_padding__hover=\"|||\" theme_builder_area=\"post_content\"][et_pb_wc_tabs active_tab_text_color=\"#000000\" include_tabs=\"description|\" _builder_version=\"4.15.1\" body_font=\"Montserrat||||||||\" tab_font=\"Montserrat||||||||\" animation_style=\"fade\" global_colors_info=\"{}\" theme_builder_area=\"post_content\"] [\/et_pb_wc_tabs][et_pb_wc_upsells _builder_version=\"4.15\" global_colors_info=\"{}\" theme_builder_area=\"post_content\"][\/et_pb_wc_upsells][et_pb_wc_related_products include_categories=\"all\" icon_hover_color=\"rgba(255,255,255,0.45)\" hover_overlay_color=\"rgba(0,0,0,0.34)\" _builder_version=\"4.15.1\" title_font=\"Montserrat|700|||||||\" title_text_color=\"#000000\" product_title_font=\"Montserrat|500|||||||\" product_title_text_color=\"#000000\" product_title_font_size=\"22px\" price_font=\"Montserrat|600|||||||\" price_text_color=\"#D6030A\" price_letter_spacing=\"1px\" sale_price_font=\"Montserrat|700|||||||\" sale_price_text_color=\"#000000\" custom_margin=\"0px||||false|false\" custom_padding=\"30px||30px||true|false\" animation_style=\"fade\" border_radii_image=\"on|10px|10px|10px|10px\" global_colors_info=\"{}\" theme_builder_area=\"post_content\"][\/et_pb_wc_related_products][\/et_pb_column][\/et_pb_row][\/et_pb_section]","_et_gb_content_width":""},"product_brand":[],"product_cat":[21],"product_tag":[],"class_list":{"0":"post-27","1":"product","2":"type-product","3":"status-publish","4":"has-post-thumbnail","6":"product_cat-telecommandes","7":"product_shipping_class-free-min-19","9":"first","10":"instock","11":"taxable","12":"shipping-taxable","13":"purchasable","14":"product-type-simple"},"jetpack_sharing_enabled":true,"_links":{"self":[{"href":"https:\/\/boutique.sinetyc.fr\/index.php\/wp-json\/wp\/v2\/product\/27","targetHints":{"allow":["GET"]}}],"collection":[{"href":"https:\/\/boutique.sinetyc.fr\/index.php\/wp-json\/wp\/v2\/product"}],"about":[{"href":"https:\/\/boutique.sinetyc.fr\/index.php\/wp-json\/wp\/v2\/types\/product"}],"wp:featuredmedia":[{"embeddable":true,"href":"https:\/\/boutique.sinetyc.fr\/index.php\/wp-json\/wp\/v2\/media\/148"}],"wp:attachment":[{"href":"https:\/\/boutique.sinetyc.fr\/index.php\/wp-json\/wp\/v2\/media?parent=27"}],"wp:term":[{"taxonomy":"product_brand","embeddable":true,"href":"https:\/\/boutique.sinetyc.fr\/index.php\/wp-json\/wp\/v2\/product_brand?post=27"},{"taxonomy":"product_cat","embeddable":true,"href":"https:\/\/boutique.sinetyc.fr\/index.php\/wp-json\/wp\/v2\/product_cat?post=27"},{"taxonomy":"product_tag","embeddable":true,"href":"https:\/\/boutique.sinetyc.fr\/index.php\/wp-json\/wp\/v2\/product_tag?post=27"}],"curies":[{"name":"wp","href":"https:\/\/api.w.org\/{rel}","templated":true}]}}