{"id":274,"date":"2023-01-16T14:12:43","date_gmt":"2023-01-16T13:12:43","guid":{"rendered":"https:\/\/boutique.sinetyc.fr\/?post_type=product&#038;p=274"},"modified":"2026-04-16T15:43:48","modified_gmt":"2026-04-16T13:43:48","slug":"degrippant-all-in-one","status":"publish","type":"product","link":"https:\/\/boutique.sinetyc.fr\/index.php\/produit\/degrippant-all-in-one\/","title":{"rendered":"D\u00e9grippant All-in-one"},"content":{"rendered":"<p>Pour d\u00e9gripper et nettoyer les parties m\u00e9caniques de votre automatisme.<br \/>\n\u00c9quivalent au WD40.<br \/>\n400 ml<\/p>\n","protected":false},"excerpt":{"rendered":"<p>Pour d\u00e9gripper et nettoyer les parties m\u00e9caniques de votre automatisme.<br \/>\n\u00c9quivalent au WD40.<br \/>\n400 ml<\/p>\n","protected":false},"featured_media":275,"template":"","meta":{"_et_pb_use_builder":"","_et_pb_old_content":"","_et_gb_content_width":""},"product_brand":[],"product_cat":[36,25,23],"product_tag":[],"class_list":{"0":"post-274","1":"product","2":"type-product","3":"status-publish","4":"has-post-thumbnail","6":"product_cat-kit_entretien","7":"product_cat-moteurs","8":"product_cat-pieces-detachees-divers","9":"product_shipping_class-free-min-19","11":"first","12":"instock","13":"taxable","14":"shipping-taxable","15":"purchasable","16":"product-type-simple"},"jetpack_sharing_enabled":true,"_links":{"self":[{"href":"https:\/\/boutique.sinetyc.fr\/index.php\/wp-json\/wp\/v2\/product\/274","targetHints":{"allow":["GET"]}}],"collection":[{"href":"https:\/\/boutique.sinetyc.fr\/index.php\/wp-json\/wp\/v2\/product"}],"about":[{"href":"https:\/\/boutique.sinetyc.fr\/index.php\/wp-json\/wp\/v2\/types\/product"}],"wp:featuredmedia":[{"embeddable":true,"href":"https:\/\/boutique.sinetyc.fr\/index.php\/wp-json\/wp\/v2\/media\/275"}],"wp:attachment":[{"href":"https:\/\/boutique.sinetyc.fr\/index.php\/wp-json\/wp\/v2\/media?parent=274"}],"wp:term":[{"taxonomy":"product_brand","embeddable":true,"href":"https:\/\/boutique.sinetyc.fr\/index.php\/wp-json\/wp\/v2\/product_brand?post=274"},{"taxonomy":"product_cat","embeddable":true,"href":"https:\/\/boutique.sinetyc.fr\/index.php\/wp-json\/wp\/v2\/product_cat?post=274"},{"taxonomy":"product_tag","embeddable":true,"href":"https:\/\/boutique.sinetyc.fr\/index.php\/wp-json\/wp\/v2\/product_tag?post=274"}],"curies":[{"name":"wp","href":"https:\/\/api.w.org\/{rel}","templated":true}]}}