{"id":280,"date":"2023-01-16T15:59:03","date_gmt":"2023-01-16T14:59:03","guid":{"rendered":"https:\/\/boutique.sinetyc.fr\/?post_type=product&#038;p=280"},"modified":"2024-11-06T15:10:22","modified_gmt":"2024-11-06T14:10:22","slug":"telecommande-keygo-io","status":"publish","type":"product","link":"https:\/\/boutique.sinetyc.fr\/index.php\/produit\/telecommande-keygo-io\/","title":{"rendered":"T\u00e9l\u00e9commande KEYGO IO"},"content":{"rendered":"<p>T\u00e9l\u00e9commande KEYGO IO<\/p>\n","protected":false},"excerpt":{"rendered":"<p>T\u00e9l\u00e9commande KEYGO IO<\/p>\n","protected":false},"featured_media":281,"template":"","meta":{"_et_pb_use_builder":"","_et_pb_old_content":"","_et_gb_content_width":""},"product_brand":[],"product_cat":[21],"product_tag":[],"class_list":{"0":"post-280","1":"product","2":"type-product","3":"status-publish","4":"has-post-thumbnail","6":"product_cat-telecommandes","7":"product_shipping_class-free-min-19","9":"first","10":"instock","11":"taxable","12":"shipping-taxable","13":"purchasable","14":"product-type-simple"},"jetpack_sharing_enabled":true,"_links":{"self":[{"href":"https:\/\/boutique.sinetyc.fr\/index.php\/wp-json\/wp\/v2\/product\/280","targetHints":{"allow":["GET"]}}],"collection":[{"href":"https:\/\/boutique.sinetyc.fr\/index.php\/wp-json\/wp\/v2\/product"}],"about":[{"href":"https:\/\/boutique.sinetyc.fr\/index.php\/wp-json\/wp\/v2\/types\/product"}],"wp:featuredmedia":[{"embeddable":true,"href":"https:\/\/boutique.sinetyc.fr\/index.php\/wp-json\/wp\/v2\/media\/281"}],"wp:attachment":[{"href":"https:\/\/boutique.sinetyc.fr\/index.php\/wp-json\/wp\/v2\/media?parent=280"}],"wp:term":[{"taxonomy":"product_brand","embeddable":true,"href":"https:\/\/boutique.sinetyc.fr\/index.php\/wp-json\/wp\/v2\/product_brand?post=280"},{"taxonomy":"product_cat","embeddable":true,"href":"https:\/\/boutique.sinetyc.fr\/index.php\/wp-json\/wp\/v2\/product_cat?post=280"},{"taxonomy":"product_tag","embeddable":true,"href":"https:\/\/boutique.sinetyc.fr\/index.php\/wp-json\/wp\/v2\/product_tag?post=280"}],"curies":[{"name":"wp","href":"https:\/\/api.w.org\/{rel}","templated":true}]}}