{"id":495,"date":"2024-02-06T11:36:05","date_gmt":"2024-02-06T10:36:05","guid":{"rendered":"https:\/\/boutique.sinetyc.fr\/?post_type=product&#038;p=495"},"modified":"2026-04-16T15:43:03","modified_gmt":"2026-04-16T13:43:03","slug":"clean-all-genius-spray","status":"publish","type":"product","link":"https:\/\/boutique.sinetyc.fr\/index.php\/produit\/clean-all-genius-spray\/","title":{"rendered":"Clean-all genius spray"},"content":{"rendered":"<p>Nettoyant multi-usage universel pour nettoyer les fen\u00eatres PVC.<br \/>\n300 ml compress\u00e9 (\u00e9quivalent \u00e0 400 ml non compress\u00e9).<\/p>\n","protected":false},"excerpt":{"rendered":"<p>Nettoyant multi-usage universel pour nettoyer les fen\u00eatres PVC.<br \/>\n300 ml compress\u00e9 (\u00e9quivalent \u00e0 400 ml non compress\u00e9).<\/p>\n","protected":false},"featured_media":496,"template":"","meta":{"_et_pb_use_builder":"","_et_pb_old_content":"","_et_gb_content_width":""},"product_brand":[],"product_cat":[36,23],"product_tag":[],"class_list":{"0":"post-495","1":"product","2":"type-product","3":"status-publish","4":"has-post-thumbnail","6":"product_cat-kit_entretien","7":"product_cat-pieces-detachees-divers","8":"product_shipping_class-free-min-19","10":"first","11":"instock","12":"taxable","13":"shipping-taxable","14":"purchasable","15":"product-type-simple"},"jetpack_sharing_enabled":true,"_links":{"self":[{"href":"https:\/\/boutique.sinetyc.fr\/index.php\/wp-json\/wp\/v2\/product\/495","targetHints":{"allow":["GET"]}}],"collection":[{"href":"https:\/\/boutique.sinetyc.fr\/index.php\/wp-json\/wp\/v2\/product"}],"about":[{"href":"https:\/\/boutique.sinetyc.fr\/index.php\/wp-json\/wp\/v2\/types\/product"}],"wp:featuredmedia":[{"embeddable":true,"href":"https:\/\/boutique.sinetyc.fr\/index.php\/wp-json\/wp\/v2\/media\/496"}],"wp:attachment":[{"href":"https:\/\/boutique.sinetyc.fr\/index.php\/wp-json\/wp\/v2\/media?parent=495"}],"wp:term":[{"taxonomy":"product_brand","embeddable":true,"href":"https:\/\/boutique.sinetyc.fr\/index.php\/wp-json\/wp\/v2\/product_brand?post=495"},{"taxonomy":"product_cat","embeddable":true,"href":"https:\/\/boutique.sinetyc.fr\/index.php\/wp-json\/wp\/v2\/product_cat?post=495"},{"taxonomy":"product_tag","embeddable":true,"href":"https:\/\/boutique.sinetyc.fr\/index.php\/wp-json\/wp\/v2\/product_tag?post=495"}],"curies":[{"name":"wp","href":"https:\/\/api.w.org\/{rel}","templated":true}]}}